{"id":31758,"date":"2026-04-01T12:02:44","date_gmt":"2026-04-01T12:02:44","guid":{"rendered":"https:\/\/witoys.shop\/product\/creworks-profi-ultraschallreinigungsgerat-30l-echtes-volumen-mit-degas-soft-modus-ultraschallreiniger-edelstahl-mit-heizung-timer-fur-brillen-schmuck-uhren-gebiss-munzen-inkl-korb\/"},"modified":"2026-04-01T12:11:55","modified_gmt":"2026-04-01T12:11:55","slug":"creworks-profi-ultraschallreinigungsgerat-30l-echtes-volumen-mit-degas-soft-modus-ultraschallreiniger-edelstahl-mit-heizung-timer-fur-brillen-schmuck-uhren-gebiss-munzen-inkl-korb","status":"publish","type":"product","link":"https:\/\/witoys.shop\/en\/product\/creworks-profi-ultraschallreinigungsgerat-30l-echtes-volumen-mit-degas-soft-modus-ultraschallreiniger-edelstahl-mit-heizung-timer-fur-brillen-schmuck-uhren-gebiss-munzen-inkl-korb\/","title":{"rendered":"CREWORKS Ultraschallreiniger 30L, Edelstahl, Heizung &#038; Timer, Degas &#038; Soft-Modus, f\u00fcr Brillen, Schmuck, Uhren &#038; Gebiss, inkl. Korb"},"content":{"rendered":"<p><strong>Product Features<\/strong><\/p>\n<ul>\n<li>\u3010Herausragende Reinigungsleistung\u3011CREWORKS Ultraschallreinigungsger\u00e4t verwendet 10 Wandler mit einer Leistung von 600 W, um sein 30-Liter-Becken mit Kavitationsblasen zu f\u00fcllen, und nutzt die Kraft ihrer winzigen Implosionen, um selbst kleine und komplizierte Oberfl\u00e4chen gr\u00fcndlich und professionell zu reinigen. Bis zu 600 W Heizleistung erm\u00f6glichen eine noch kraftvollere Reinigung, wobei die Ger\u00e4uschreduzierungstechnologie f\u00fcr einen leisen Betrieb sorgt.<\/li>\n<li>\u3010Degas- und Sanftmodus\u3011Unser Ultraschallreiniger kombiniert Degas- und Sanftmodus. Entgasungsfunktion entfernt das Gas im Tank leicht und verhindert die Oxidation von gereinigten Gegenst\u00e4nde. Mie dem Sanftmodus kann die Reinigungsintensit\u00e4t effektiv reduzieren und die Oberfl\u00e4che wertvoller Gegenst\u00e4nde sch\u00fctzen. Erhalten Sie labor-genaue Ergebnisse mit Sicherheit f\u00fcr alle Ihre wertvollen Objekte!<\/li>\n<li>\u3010Einfache Bedienung\u3011F\u00fcllen Sie den Tank mit Wasser und allen erforderlichen Reinigungsmitteln, legen Sie Ihre Artikel in den Korb, stellen Sie die gew\u00fcnschte Zeit auf bis zu 30 Minuten und die Temperatur auf bis zu 80 Grad auf dem digitalen Bedienfeld ein und dr\u00fccken Sie den Netzschalter. Die 40-kHz-Kavitation des tragbaren Ultraschallreinigers beginnt und Ihr Objekt ist in wenigen Minuten sauber.<\/li>\n<li>\u3010Langlebig &#038; Haltbar\u3011Das Ultraschallreinigungsger\u00e4t ist innen und au\u00dfen aus Edelstahl und verwendet 304-Banding f\u00fcr den Innenkorb und Tank, um jahrelangem Dauereinsatz mit oder ohne Reinigungsl\u00f6sungen standzuhalten, und 201-Banding, um die Au\u00dfenfl\u00e4che stark und verschlei\u00dffest zu halten.<\/li>\n<li>\u3010Breite Anwendung &#038; Gro\u00dfe Kapazit\u00e4t\u3011Genie\u00dfen Sie die Reinigung in professioneller Qualit\u00e4t bequem von Ihrer eigenen Garage oder Ihrem eigenen Labor aus; Unser kompakter 30-Liter-Schallreiniger entfernt schnell Rost, Anlauffarben, eingekochte Kohle und andere Flecken von Schmuck, Utensilien, Kinderspielzeug, Gl\u00e4sern, Halterungen, Leiterplatten, Laborger\u00e4ten, mechanischen Werkzeugen und vielem mehr!<\/li>\n<\/ul>\n<p><strong>Product Information<\/strong><\/p>\n<ul>\n<table style=\"margin-bottom:20px\">\n<tbody>\n<tr>\n<td><strong>Hersteller<\/strong><\/td>\n<td>\u200eCREWORKS<\/td>\n<\/tr>\n<tr>\n<td><strong>Teilenummer<\/strong><\/td>\n<td>\u200eDUC<\/td>\n<\/tr>\n<tr>\n<td><strong>Artikelgewicht<\/strong><\/td>\n<td>\u200e12,6 Kilograms<\/td>\n<\/tr>\n<tr>\n<td><strong>Produktabmessungen<\/strong><\/td>\n<td>\u200e58 x 33 x 36 cm; 12,6 Kilogramm<\/td>\n<\/tr>\n<tr>\n<td><strong>Herstellerreferenz<\/strong><\/td>\n<td>\u200eDUC<\/td>\n<\/tr>\n<tr>\n<td><strong>Gr\u00f6\u00dfe<\/strong><\/td>\n<td>\u200e30L<\/td>\n<\/tr>\n<tr>\n<td><strong>Farbe<\/strong><\/td>\n<td>\u200eSilber<\/td>\n<\/tr>\n<tr>\n<td><strong>Material<\/strong><\/td>\n<td>\u200ePTFE_(Polytetrafluorethylen)<\/td>\n<\/tr>\n<tr>\n<td><strong>Packungsgr\u00f6\u00dfe<\/strong><\/td>\n<td>\u200e1<\/td>\n<\/tr>\n<tr>\n<td><strong>Batterien inbegriffen<\/strong><\/td>\n<td>\u200eNein<\/td>\n<\/tr>\n<tr>\n<td><strong>Batterien notwendig<\/strong><\/td>\n<td>\u200eNein<\/td>\n<\/tr>\n<tr>\n<td><strong>ASIN<\/strong><\/td>\n<td>B09P4XCF83<\/td>\n<\/tr>\n<tr>\n<td><strong>Durchschnittliche Kundenbewertung<\/strong><\/td>\n<td><\/td>\n<\/tr>\n<tr>\n<td><strong>Amazon Bestseller-Rang<\/strong><\/td>\n<td><\/td>\n<\/tr>\n<tr>\n<td><strong>Im Angebot von Amazon.de seit<\/strong><\/td>\n<td>24. Dezember 2021<\/td>\n<\/tr>\n<\/tbody>\n<\/table>\n<\/ul>","protected":false},"excerpt":{"rendered":"<p>Product Features \u3010Herausragende Reinigungsleistung\u3011CREWORKS Ultraschallreinigungsger\u00e4t verwendet 10 Wandler mit einer Leistung von 600 W, um sein 30-Liter-Becken mit Kavitationsblasen zu<\/p>","protected":false},"featured_media":31832,"comment_status":"open","ping_status":"closed","template":"","meta":[],"product_brand":[],"product_cat":[150,151,152],"product_tag":[],"class_list":{"0":"post-31758","1":"product","2":"type-product","3":"status-publish","4":"has-post-thumbnail","6":"product_cat-collection-1","7":"product_cat-collection-2","8":"product_cat-startseite","10":"first","11":"instock","12":"sale","13":"shipping-taxable","14":"purchasable","15":"product-type-variable"},"jetpack_sharing_enabled":true,"_links":{"self":[{"href":"https:\/\/witoys.shop\/en\/wp-json\/wp\/v2\/product\/31758","targetHints":{"allow":["GET"]}}],"collection":[{"href":"https:\/\/witoys.shop\/en\/wp-json\/wp\/v2\/product"}],"about":[{"href":"https:\/\/witoys.shop\/en\/wp-json\/wp\/v2\/types\/product"}],"replies":[{"embeddable":true,"href":"https:\/\/witoys.shop\/en\/wp-json\/wp\/v2\/comments?post=31758"}],"version-history":[{"count":0,"href":"https:\/\/witoys.shop\/en\/wp-json\/wp\/v2\/product\/31758\/revisions"}],"wp:featuredmedia":[{"embeddable":true,"href":"https:\/\/witoys.shop\/en\/wp-json\/wp\/v2\/media\/31832"}],"wp:attachment":[{"href":"https:\/\/witoys.shop\/en\/wp-json\/wp\/v2\/media?parent=31758"}],"wp:term":[{"taxonomy":"product_brand","embeddable":true,"href":"https:\/\/witoys.shop\/en\/wp-json\/wp\/v2\/product_brand?post=31758"},{"taxonomy":"product_cat","embeddable":true,"href":"https:\/\/witoys.shop\/en\/wp-json\/wp\/v2\/product_cat?post=31758"},{"taxonomy":"product_tag","embeddable":true,"href":"https:\/\/witoys.shop\/en\/wp-json\/wp\/v2\/product_tag?post=31758"}],"curies":[{"name":"wp","href":"https:\/\/api.w.org\/{rel}","templated":true}]}}