{"id":31757,"date":"2026-04-01T12:02:44","date_gmt":"2026-04-01T12:02:44","guid":{"rendered":"https:\/\/witoys.shop\/product\/creworks-ultraschallreinigungsgerat-edelstahl-30l-ultraschallreiniger-600w-mit-heizung-timer-degas-soft-modus-fur-zahnprothesen-schmuck-brillen-uhren-glaser-ultraschall-reinigungsgerat-mit-knopfen\/"},"modified":"2026-04-01T12:02:44","modified_gmt":"2026-04-01T12:02:44","slug":"creworks-ultraschallreinigungsgerat-edelstahl-30l-ultraschallreiniger-600w-mit-heizung-timer-degas-soft-modus-fur-zahnprothesen-schmuck-brillen-uhren-glaser-ultraschall-reinigungsgerat-mit-knopfen","status":"publish","type":"product","link":"https:\/\/witoys.shop\/en\/product\/creworks-ultraschallreinigungsgerat-edelstahl-30l-ultraschallreiniger-600w-mit-heizung-timer-degas-soft-modus-fur-zahnprothesen-schmuck-brillen-uhren-glaser-ultraschall-reinigungsgerat-mit-knopfen\/","title":{"rendered":"CREWORKS Ultraschallreiniger 30L, 600W, Edelstahl, Heizung &#038; Timer, Degas &#038; Soft-Modus, f\u00fcr Schmuck, Brillen &#038; Zahnprothesen"},"content":{"rendered":"<p><strong>Product Features<\/strong><\/p>\n<ul>\n<li>30L Ultraschallreinigungsger\u00e4t: Dieses 30-Liter-Ultraschallreinigungsger\u00e4t von CREWORKS bietet 600 W Leistung, eine Heizung, einen Timer sowie Kippschalter und Drehkn\u00f6pfe f\u00fcr einfache Bedienung. Es reinigt sowohl schwere Auto- und Maschinenteile als auch empfindliche Zahnspangen und Prothesen und l\u00e4sst sie wie neu aussehen<\/li>\n<li>Schnellere und gr\u00fcndlichere Reinigung: Der Entgasungsmodus entfernt Gasblasen in L\u00f6sungen und por\u00f6sen Objekten f\u00fcr eine effektivere Kavitation. Die leistungsstarke 600-W-Heizung beschleunigt den Reinigungsprozess und l\u00f6st hartn\u00e4ckigen Schmutz<\/li>\n<li>Halbwelle f\u00fcr empfindliche Gegenst\u00e4nde: Der sanfte Modus reduziert die Leistung der Ultraschallreinigungsmaschine um die H\u00e4lfte. So werden empfindliche Oberfl\u00e4chen wie Leiterplatten, Invisaligns, Ringe und Halsketten gesch\u00fctzt, w\u00e4hrend Flecken und Schmutz entfernt werden<\/li>\n<li>Heizungsfunktion &#038; Timer: Bis zu 600W Heizleistung erm\u00f6glicht eine hohe Reinigungsleistung. Die Heizungstemperatur ist zwischen 20\u00b0C und 80\u00b0C (68-176\u00b0F) einstellbar und die Reinigungszeit 1-30 Min. einstellbar<\/li>\n<li>F\u00fcr Komfort und Langlebigkeit entwickelt: Dieser Ultraschallreiniger mit Tank und Korb aus Edelstahl 304 erf\u00fcllt nicht nur die Lebensmittel-Sicherheitsstandards, sondern bietet auch eine lange Lebensdauer. Eingelassene Griffe und die breite obere Abdeckung sorgen f\u00fcr zus\u00e4tzlichen Komfort, w\u00e4hrend Kippschalter den einfachen Zugriff auf zwei Reinigungsmodi erm\u00f6glichen<\/li>\n<\/ul>\n<p><strong>Product Information<\/strong><\/p>\n<ul>\n<table style=\"margin-bottom:20px\">\n<tbody>\n<tr>\n<td><strong>Hersteller<\/strong><\/td>\n<td>\u200eCREWORKS<\/td>\n<\/tr>\n<tr>\n<td><strong>Teilenummer<\/strong><\/td>\n<td>\u200eDUC-M30J-DE-SXAMZDE-1<\/td>\n<\/tr>\n<tr>\n<td><strong>Artikelgewicht<\/strong><\/td>\n<td>\u200e13 Kilograms<\/td>\n<\/tr>\n<tr>\n<td><strong>Produktabmessungen<\/strong><\/td>\n<td>\u200e52 x 32,5 x 32,5 cm; 13 Kilogramm<\/td>\n<\/tr>\n<tr>\n<td><strong>Herstellerreferenz<\/strong><\/td>\n<td>\u200eDUC-M30J-DE-SXAMZDE-1<\/td>\n<\/tr>\n<tr>\n<td><strong>Gr\u00f6\u00dfe<\/strong><\/td>\n<td>\u200e30L<\/td>\n<\/tr>\n<tr>\n<td><strong>Material<\/strong><\/td>\n<td>\u200ePTFE_(Polytetrafluorethylen)<\/td>\n<\/tr>\n<tr>\n<td><strong>Packungsgr\u00f6\u00dfe<\/strong><\/td>\n<td>\u200e1<\/td>\n<\/tr>\n<tr>\n<td><strong>Batterien inbegriffen<\/strong><\/td>\n<td>\u200eNein<\/td>\n<\/tr>\n<tr>\n<td><strong>Batterien notwendig<\/strong><\/td>\n<td>\u200eNein<\/td>\n<\/tr>\n<tr>\n<td><strong>ASIN<\/strong><\/td>\n<td>B09P2JXTKY<\/td>\n<\/tr>\n<tr>\n<td><strong>Durchschnittliche Kundenbewertung<\/strong><\/td>\n<td><\/td>\n<\/tr>\n<tr>\n<td><strong>Amazon Bestseller-Rang<\/strong><\/td>\n<td><\/td>\n<\/tr>\n<tr>\n<td><strong>Im Angebot von Amazon.de seit<\/strong><\/td>\n<td>23. Dezember 2021<\/td>\n<\/tr>\n<\/tbody>\n<\/table>\n<\/ul>","protected":false},"excerpt":{"rendered":"<p>Product Features 30L Ultraschallreinigungsger\u00e4t: Dieses 30-Liter-Ultraschallreinigungsger\u00e4t von CREWORKS bietet 600 W Leistung, eine Heizung, einen Timer sowie Kippschalter und Drehkn\u00f6pfe<\/p>","protected":false},"featured_media":31837,"comment_status":"open","ping_status":"closed","template":"","meta":[],"product_brand":[],"product_cat":[150,151,152],"product_tag":[],"class_list":{"0":"post-31757","1":"product","2":"type-product","3":"status-publish","4":"has-post-thumbnail","6":"product_cat-collection-1","7":"product_cat-collection-2","8":"product_cat-startseite","10":"first","11":"instock","12":"sale","13":"shipping-taxable","14":"purchasable","15":"product-type-simple"},"jetpack_sharing_enabled":true,"_links":{"self":[{"href":"https:\/\/witoys.shop\/en\/wp-json\/wp\/v2\/product\/31757","targetHints":{"allow":["GET"]}}],"collection":[{"href":"https:\/\/witoys.shop\/en\/wp-json\/wp\/v2\/product"}],"about":[{"href":"https:\/\/witoys.shop\/en\/wp-json\/wp\/v2\/types\/product"}],"replies":[{"embeddable":true,"href":"https:\/\/witoys.shop\/en\/wp-json\/wp\/v2\/comments?post=31757"}],"version-history":[{"count":0,"href":"https:\/\/witoys.shop\/en\/wp-json\/wp\/v2\/product\/31757\/revisions"}],"wp:featuredmedia":[{"embeddable":true,"href":"https:\/\/witoys.shop\/en\/wp-json\/wp\/v2\/media\/31837"}],"wp:attachment":[{"href":"https:\/\/witoys.shop\/en\/wp-json\/wp\/v2\/media?parent=31757"}],"wp:term":[{"taxonomy":"product_brand","embeddable":true,"href":"https:\/\/witoys.shop\/en\/wp-json\/wp\/v2\/product_brand?post=31757"},{"taxonomy":"product_cat","embeddable":true,"href":"https:\/\/witoys.shop\/en\/wp-json\/wp\/v2\/product_cat?post=31757"},{"taxonomy":"product_tag","embeddable":true,"href":"https:\/\/witoys.shop\/en\/wp-json\/wp\/v2\/product_tag?post=31757"}],"curies":[{"name":"wp","href":"https:\/\/api.w.org\/{rel}","templated":true}]}}