{"id":31741,"date":"2026-04-01T12:02:43","date_gmt":"2026-04-01T12:02:43","guid":{"rendered":"https:\/\/witoys.shop\/product\/creworks-pcp-kompressor-300bar-luftkompressor-4500psi-hochdruckluftpumpe-1800w-kompressor-hochdruck-30mpa-tauchkompressor-manueller-stopp-fur-paintball-luftgewehr-pcp-gewehr-luftpistole-tauchflasche\/"},"modified":"2026-04-01T12:12:01","modified_gmt":"2026-04-01T12:12:01","slug":"creworks-pcp-kompressor-300bar-luftkompressor-4500psi-hochdruckluftpumpe-1800w-kompressor-hochdruck-30mpa-tauchkompressor-manueller-stopp-fur-paintball-luftgewehr-pcp-gewehr-luftpistole-tauchflasche","status":"publish","type":"product","link":"https:\/\/witoys.shop\/en\/product\/creworks-pcp-kompressor-300bar-luftkompressor-4500psi-hochdruckluftpumpe-1800w-kompressor-hochdruck-30mpa-tauchkompressor-manueller-stopp-fur-paintball-luftgewehr-pcp-gewehr-luftpistole-tauchflasche\/","title":{"rendered":"CREWORKS PCP Kompressor 300 bar, 1.800W, 4.500 PSI, 30 MPa, manueller Stopp, f\u00fcr PCP-Gewehr, Paintball &#038; Tauchflasche"},"content":{"rendered":"<p><strong>Product Overview<\/strong><\/p>\n<ul>\n<li>\n<strong>Marke:<\/strong> CREWORKS<\/li>\n<li>\n<strong>Spannung:<\/strong> 220 Volt<\/li>\n<li>\n<strong>Empfohlene Anwendungen f\u00fcr Produkt:<\/strong> Reifen aufpumpen<\/li>\n<li>\n<strong>Stromquelle:<\/strong> Kabelgebunden<\/li>\n<li>\n<strong>Ger\u00e4uschpegel:<\/strong> 78 Dezibel<\/li>\n<\/ul>\n<p><strong>Product Features<\/strong><\/p>\n<ul>\n<li>Spannung &#8211; 220V\/50HZ; Motorleistung: 1.8kw; Ladedruck: 30MPA; Arbeitsdruck: 300BAR 30MPA 4500PSI; Aufblasgeschwindigkeit der Luftpumpe: 2800r \/ min; Verdr\u00e4ngung: 50 L\/ min.<\/li>\n<li>Luftkompressork\u00fchlsystem &#8211; Ultraeffizientes K\u00fchlsystem zur Vermeidung von Sch\u00e4den durch hohe Temperaturen, f\u00fcr einen besseren Schutz des Kopfes. Edelstahl-Booster-K\u00fchlk\u00f6rper senken die Ablufttemperatur.<\/li>\n<li>Weit verbreitet &#8211; Perfekt f\u00fcr Gasflaschen, Luftgewehre, Brandbek\u00e4mpfung, Paintball, Dichtheitspr\u00fcfung, Druckdichtigkeitspr\u00fcfung, Luftundurchl\u00e4ssigkeitspr\u00fcfung, Druckdichtigkeitspr\u00fcfung usw.<\/li>\n<li>Kunststoffbeschichtet f\u00fcr Sicherheit und wasserdichte Leistung. Hochdruckbeh\u00e4lter aus Edelstahl, Maschinenk\u00f6rper aus Aluminiumlegierung und Messing. Importierte Druckleuchtuhr.<\/li>\n<li>Achtung &#8211; Der Luftgewehrkompressor muss mit \u00d6l betrieben werden Achten Sie auf den \u00d6lstand. Dieses Produkt kann nicht direkt f\u00fcr Tauchflaschen verwendet werden, und es muss mit einem Atemfilter verwendet werden.<\/li>\n<\/ul>\n<p><strong>Product Information<\/strong><\/p>\n<ul>\n<table style=\"margin-bottom:20px\">\n<tbody>\n<tr>\n<td><strong>Stromspannung<\/strong><\/td>\n<td>220 Volt<\/td>\n<\/tr>\n<tr>\n<td><strong>Empfohlene Verw.bereiche f\u00fcr Produkt<\/strong><\/td>\n<td>Reifen aufpumpen<\/td>\n<\/tr>\n<tr>\n<td><strong>Stromquelle<\/strong><\/td>\n<td>Kabelgebunden<\/td>\n<\/tr>\n<tr>\n<td><strong>Ger\u00e4uschpegel<\/strong><\/td>\n<td>78 Dezibel<\/td>\n<\/tr>\n<tr>\n<td><strong>Maximalleistung<\/strong><\/td>\n<td>1800 Watt<\/td>\n<\/tr>\n<tr>\n<td><strong>Kapazit\u00e4t<\/strong><\/td>\n<td>50 Liter<\/td>\n<\/tr>\n<tr>\n<td><strong>Stromleistung<\/strong><\/td>\n<td>8,18 Ampere<\/td>\n<\/tr>\n<tr>\n<td><strong>Luftdurchsatz<\/strong><\/td>\n<td>50 Liter pro Minute<\/td>\n<\/tr>\n<tr>\n<td><strong>Motorleistung<\/strong><\/td>\n<td>2.41 horsepower<\/td>\n<\/tr>\n<tr>\n<td><strong>Schlauchl\u00e4nge<\/strong><\/td>\n<td>30 Meter<\/td>\n<\/tr>\n<tr>\n<td><strong>Farbe<\/strong><\/td>\n<td>Blau<\/td>\n<\/tr>\n<tr>\n<td><strong>Stil<\/strong><\/td>\n<td>Maneulle Abschaltung<\/td>\n<\/tr>\n<tr>\n<td><strong>Marke<\/strong><\/td>\n<td>CREWORKS<\/td>\n<\/tr>\n<tr>\n<td><strong>Herkunftsland<\/strong><\/td>\n<td>China<\/td>\n<\/tr>\n<tr>\n<td><strong>Modellnummer<\/strong><\/td>\n<td>PCP-30MPa<\/td>\n<\/tr>\n<tr>\n<td><strong>Modellname<\/strong><\/td>\n<td>compressore PCP 30 MPa<\/td>\n<\/tr>\n<tr>\n<td><strong>Hersteller<\/strong><\/td>\n<td>CREWORKS<\/td>\n<\/tr>\n<tr>\n<td><strong>Amazon Bestseller-Rang<\/strong><\/td>\n<td><\/td>\n<\/tr>\n<tr>\n<td><strong>ASIN<\/strong><\/td>\n<td>B08BRBF9VS<\/td>\n<\/tr>\n<tr>\n<td><strong>Durchschnittliche Kundenbewertung<\/strong><\/td>\n<td><\/td>\n<\/tr>\n<tr>\n<td><strong>Ma\u00dfeinheit f\u00fcr Produktgewicht<\/strong><\/td>\n<td>17 Kilogramm<\/td>\n<\/tr>\n<tr>\n<td><strong>Artikel Abmessungen L x B x H<\/strong><\/td>\n<td>42L x 27B x 47H cm<\/td>\n<\/tr>\n<\/tbody>\n<\/table>\n<\/ul>","protected":false},"excerpt":{"rendered":"<p>Product Overview Marke: CREWORKS Spannung: 220 Volt Empfohlene Anwendungen f\u00fcr Produkt: Reifen aufpumpen Stromquelle: Kabelgebunden Ger\u00e4uschpegel: 78 Dezibel Product Features<\/p>","protected":false},"featured_media":31847,"comment_status":"open","ping_status":"closed","template":"","meta":[],"product_brand":[],"product_cat":[150,151,152],"product_tag":[],"class_list":{"0":"post-31741","1":"product","2":"type-product","3":"status-publish","4":"has-post-thumbnail","6":"product_cat-collection-1","7":"product_cat-collection-2","8":"product_cat-startseite","10":"first","11":"instock","12":"sale","13":"shipping-taxable","14":"purchasable","15":"product-type-variable"},"jetpack_sharing_enabled":true,"_links":{"self":[{"href":"https:\/\/witoys.shop\/en\/wp-json\/wp\/v2\/product\/31741","targetHints":{"allow":["GET"]}}],"collection":[{"href":"https:\/\/witoys.shop\/en\/wp-json\/wp\/v2\/product"}],"about":[{"href":"https:\/\/witoys.shop\/en\/wp-json\/wp\/v2\/types\/product"}],"replies":[{"embeddable":true,"href":"https:\/\/witoys.shop\/en\/wp-json\/wp\/v2\/comments?post=31741"}],"version-history":[{"count":0,"href":"https:\/\/witoys.shop\/en\/wp-json\/wp\/v2\/product\/31741\/revisions"}],"wp:featuredmedia":[{"embeddable":true,"href":"https:\/\/witoys.shop\/en\/wp-json\/wp\/v2\/media\/31847"}],"wp:attachment":[{"href":"https:\/\/witoys.shop\/en\/wp-json\/wp\/v2\/media?parent=31741"}],"wp:term":[{"taxonomy":"product_brand","embeddable":true,"href":"https:\/\/witoys.shop\/en\/wp-json\/wp\/v2\/product_brand?post=31741"},{"taxonomy":"product_cat","embeddable":true,"href":"https:\/\/witoys.shop\/en\/wp-json\/wp\/v2\/product_cat?post=31741"},{"taxonomy":"product_tag","embeddable":true,"href":"https:\/\/witoys.shop\/en\/wp-json\/wp\/v2\/product_tag?post=31741"}],"curies":[{"name":"wp","href":"https:\/\/api.w.org\/{rel}","templated":true}]}}