{"id":31738,"date":"2026-04-01T12:02:41","date_gmt":"2026-04-01T12:02:41","guid":{"rendered":"https:\/\/witoys.shop\/product\/creworks-pcp-kompressor-300bar-kompressor-hochdruck-hochdruckluftpumpe-1800w-30mpa-4500psi-elektrischer-luftkompressor-pcp-luftpumpe-fur-druckluftpistole-ohne-voreingestellten-druck\/"},"modified":"2026-04-01T12:02:41","modified_gmt":"2026-04-01T12:02:41","slug":"creworks-pcp-kompressor-300bar-kompressor-hochdruck-hochdruckluftpumpe-1800w-30mpa-4500psi-elektrischer-luftkompressor-pcp-luftpumpe-fur-druckluftpistole-ohne-voreingestellten-druck","status":"publish","type":"product","link":"https:\/\/witoys.shop\/en\/product\/creworks-pcp-kompressor-300bar-kompressor-hochdruck-hochdruckluftpumpe-1800w-30mpa-4500psi-elektrischer-luftkompressor-pcp-luftpumpe-fur-druckluftpistole-ohne-voreingestellten-druck\/","title":{"rendered":"CREWORKS PCP Kompressor 300 bar, 1.800W, 4.500 PSI, 30 MPa, elektrisch, f\u00fcr Druckluftpistole, ohne voreingestellten Druck"},"content":{"rendered":"<p><strong>Product Overview<\/strong><\/p>\n<ul>\n<li>\n<strong>Marke:<\/strong> CREWORKS<\/li>\n<li>\n<strong>Spannung:<\/strong> 220 Volt<\/li>\n<li>\n<strong>Empfohlene Anwendungen f\u00fcr Produkt:<\/strong> Reifen aufpumpen<\/li>\n<li>\n<strong>Stromquelle:<\/strong> Kabelgebunden<\/li>\n<li>\n<strong>Ger\u00e4uschpegel:<\/strong> 78 Dezibel<\/li>\n<\/ul>\n<p><strong>Product Features<\/strong><\/p>\n<ul>\n<li>LUFTKOMPRESSORK\u00dcHLSYSTEM: Ultraeffizientes K\u00fchlsystem zur Vermeidung von Sch\u00e4den durch hohe Temperaturen, f\u00fcr einen besseren Schutz des Kopfes. Edelstahl-Booster-K\u00fchlk\u00f6rper senken die Ablufttemperatur.<\/li>\n<li>HOHE SICHERHEIT: Kunststoffbeschichtet f\u00fcr Sicherheit und wasserdichte Leistung. Hochdruckbeh\u00e4lter aus Edelstahl, Maschinenk\u00f6rper aus Aluminiumlegierung und Messing.<\/li>\n<li>BREITE ANWENDUNG: Perfekt f\u00fcr Gasflaschen, Luftgewehre, Brandbek\u00e4mpfung, Paintball, Dichtheitspr\u00fcfung, Druckdichtigkeitspr\u00fcfung, Luftundurchl\u00e4ssigkeitspr\u00fcfung, Druckdichtigkeitspr\u00fcfung usw. Hinweis: Dieses Produkt kann nicht direkt f\u00fcr Tauchflaschen verwendet werden, und es muss mit einem Atemfilter verwendet werden.<\/li>\n<li>SPEZIFIKATION: 220 V 50 HZ; Motorleistung: 1.8kw; Ladedruck: 30MPA; Arbeitsdruck: 300BAR 30MPA 4500PSI; Aufblasgeschwindigkeit der Luftpumpe: 2800r \/ min; Verdr\u00e4ngung: 50 L\/ min.<\/li>\n<li>WARNUNG: Wenn der Kompressor arbeitet, muss das K\u00fchlsystem gleichzeitig arbeiten. Die Maschine darf nicht ohne \u00d6l arbeiten, daher muss auf den \u00d6lstand geachtet werden.<\/li>\n<\/ul>\n<p><strong>Product Information<\/strong><\/p>\n<ul>\n<table style=\"margin-bottom:20px\">\n<tbody>\n<tr>\n<td><strong>Stromspannung<\/strong><\/td>\n<td>220 Volt<\/td>\n<\/tr>\n<tr>\n<td><strong>Empfohlene Verw.bereiche f\u00fcr Produkt<\/strong><\/td>\n<td>Reifen aufpumpen<\/td>\n<\/tr>\n<tr>\n<td><strong>Stromquelle<\/strong><\/td>\n<td>Kabelgebunden<\/td>\n<\/tr>\n<tr>\n<td><strong>Ger\u00e4uschpegel<\/strong><\/td>\n<td>78 Dezibel<\/td>\n<\/tr>\n<tr>\n<td><strong>Besondere Merkmale<\/strong><\/td>\n<td>Abschaltautomatik<\/td>\n<\/tr>\n<tr>\n<td><strong>Maximalleistung<\/strong><\/td>\n<td>1800 Watt<\/td>\n<\/tr>\n<tr>\n<td><strong>Kapazit\u00e4t<\/strong><\/td>\n<td>30 Milliliter<\/td>\n<\/tr>\n<tr>\n<td><strong>Luftdurchsatz<\/strong><\/td>\n<td>13,2 Gallonen pro Minute<\/td>\n<\/tr>\n<tr>\n<td><strong>Motorleistung<\/strong><\/td>\n<td>2.41 horsepower<\/td>\n<\/tr>\n<tr>\n<td><strong>Schlauchl\u00e4nge<\/strong><\/td>\n<td>30 Meter<\/td>\n<\/tr>\n<tr>\n<td><strong>Ma\u00dfeinheit f\u00fcr Produktgewicht<\/strong><\/td>\n<td>17 Kilogramm<\/td>\n<\/tr>\n<tr>\n<td><strong>Artikel Abmessungen L x B x H<\/strong><\/td>\n<td>36L x 18B x 37H cm<\/td>\n<\/tr>\n<tr>\n<td><strong>Marke<\/strong><\/td>\n<td>CREWORKS<\/td>\n<\/tr>\n<tr>\n<td><strong>Enthaltene Komponenten<\/strong><\/td>\n<td>Accessories<\/td>\n<\/tr>\n<tr>\n<td><strong>Herkunftsland<\/strong><\/td>\n<td>China<\/td>\n<\/tr>\n<tr>\n<td><strong>Modellnummer<\/strong><\/td>\n<td>zonder vooraf ingestelde druk<\/td>\n<\/tr>\n<tr>\n<td><strong>Modellname<\/strong><\/td>\n<td>PCP-Luftpumpe<\/td>\n<\/tr>\n<tr>\n<td><strong>Hersteller<\/strong><\/td>\n<td>CREWORKS<\/td>\n<\/tr>\n<tr>\n<td><strong>Amazon Bestseller-Rang<\/strong><\/td>\n<td><\/td>\n<\/tr>\n<tr>\n<td><strong>ASIN<\/strong><\/td>\n<td>B09PFRFXS2<\/td>\n<\/tr>\n<tr>\n<td><strong>Durchschnittliche Kundenbewertung<\/strong><\/td>\n<td><\/td>\n<\/tr>\n<tr>\n<td><strong>Stil<\/strong><\/td>\n<td>Ohne voreingestellten Druck<\/td>\n<\/tr>\n<\/tbody>\n<\/table>\n<\/ul>","protected":false},"excerpt":{"rendered":"<p>Product Overview Marke: CREWORKS Spannung: 220 Volt Empfohlene Anwendungen f\u00fcr Produkt: Reifen aufpumpen Stromquelle: Kabelgebunden Ger\u00e4uschpegel: 78 Dezibel Product Features<\/p>","protected":false},"featured_media":31822,"comment_status":"open","ping_status":"closed","template":"","meta":[],"product_brand":[],"product_cat":[150,151,152],"product_tag":[],"class_list":{"0":"post-31738","1":"product","2":"type-product","3":"status-publish","4":"has-post-thumbnail","6":"product_cat-collection-1","7":"product_cat-collection-2","8":"product_cat-startseite","10":"first","11":"instock","12":"sale","13":"shipping-taxable","14":"purchasable","15":"product-type-simple"},"jetpack_sharing_enabled":true,"_links":{"self":[{"href":"https:\/\/witoys.shop\/en\/wp-json\/wp\/v2\/product\/31738","targetHints":{"allow":["GET"]}}],"collection":[{"href":"https:\/\/witoys.shop\/en\/wp-json\/wp\/v2\/product"}],"about":[{"href":"https:\/\/witoys.shop\/en\/wp-json\/wp\/v2\/types\/product"}],"replies":[{"embeddable":true,"href":"https:\/\/witoys.shop\/en\/wp-json\/wp\/v2\/comments?post=31738"}],"version-history":[{"count":0,"href":"https:\/\/witoys.shop\/en\/wp-json\/wp\/v2\/product\/31738\/revisions"}],"wp:featuredmedia":[{"embeddable":true,"href":"https:\/\/witoys.shop\/en\/wp-json\/wp\/v2\/media\/31822"}],"wp:attachment":[{"href":"https:\/\/witoys.shop\/en\/wp-json\/wp\/v2\/media?parent=31738"}],"wp:term":[{"taxonomy":"product_brand","embeddable":true,"href":"https:\/\/witoys.shop\/en\/wp-json\/wp\/v2\/product_brand?post=31738"},{"taxonomy":"product_cat","embeddable":true,"href":"https:\/\/witoys.shop\/en\/wp-json\/wp\/v2\/product_cat?post=31738"},{"taxonomy":"product_tag","embeddable":true,"href":"https:\/\/witoys.shop\/en\/wp-json\/wp\/v2\/product_tag?post=31738"}],"curies":[{"name":"wp","href":"https:\/\/api.w.org\/{rel}","templated":true}]}}