{"id":31734,"date":"2026-04-01T12:02:41","date_gmt":"2026-04-01T12:02:41","guid":{"rendered":"https:\/\/witoys.shop\/product\/creworks-mini-drehmaschine-7-x-14-zoll-mit-3-backen-futter-und-2500-u-min-mini-metalldrehmaschine-180x350mm-mit-lcd-display-550w-fur-heimwerker-werkstatten-heimwerker-metallverarbeitung-und-handwerk\/"},"modified":"2026-04-01T12:12:03","modified_gmt":"2026-04-01T12:12:03","slug":"creworks-mini-drehmaschine-7-x-14-zoll-mit-3-backen-futter-und-2500-u-min-mini-metalldrehmaschine-180x350mm-mit-lcd-display-550w-fur-heimwerker-werkstatten-heimwerker-metallverarbeitung-und-handwerk","status":"publish","type":"product","link":"https:\/\/witoys.shop\/en\/product\/creworks-mini-drehmaschine-7-x-14-zoll-mit-3-backen-futter-und-2500-u-min-mini-metalldrehmaschine-180x350mm-mit-lcd-display-550w-fur-heimwerker-werkstatten-heimwerker-metallverarbeitung-und-handwerk\/","title":{"rendered":"CREWORKS Mini-Drehmaschine 550W, 7&#215;14&#8243;, 180x350mm, 3-Backen-Futter, 2.500 U\/min, LCD Display, f\u00fcr Metallverarbeitung &#038; Heimwerker"},"content":{"rendered":"<p><strong>Product Overview<\/strong><\/p>\n<ul>\n<li>\n<strong>Marke:<\/strong> CREWORKS<\/li>\n<li>\n<strong>Material:<\/strong> Acrylnitril-Butadien-Styrol, Aluminium<\/li>\n<li>\n<strong>Produktabmessungen:<\/strong> 76,5L x 29H cm<\/li>\n<li>\n<strong>Stil:<\/strong> 7 x 14 Zoll 550W<\/li>\n<li>\n<strong>Stromquelle:<\/strong> Kabelgebunden<\/li>\n<\/ul>\n<p><strong>Product Features<\/strong><\/p>\n<ul>\n<li>Klein aber leistungsstark: Mit den Ma\u00dfen 76,5 cm x 30 cm bew\u00e4ltigt der 550 W (0,7 PS) starke Motor dieser Mini-Metalldrehbank problemlos kleine bis mittelgro\u00dfe Projekte; seine k\u00f6rnige Pr\u00e4zision ist besonders n\u00fctzlich f\u00fcr Arbeiten, die eine hohe Genauigkeit erfordern, wie z. B. Gewindeschneiden<\/li>\n<li>Pr\u00e4zisionstechnik: Das hochpr\u00e4zise 10 cm 3-Backen-Futter dieser Drehbank ist ideal f\u00fcr Heimwerker- und professionelle Projekte und bearbeitet effektiv sowohl quadratische als auch runde Objekte; es hat einen 18 cm gro\u00dfen Schwingbereich \u00fcber dem Bett, einen 35 cm gro\u00dfen Abstand zwischen den Spitzen und eine 2,1 cm gro\u00dfe Spindelbohrung<\/li>\n<li>Volle Kontrolle: Die Drehzahl l\u00e4sst sich einfach von 50 bis 2500 U\/min einstellen und \u00fcber die Digitalanzeige \u00fcberwachen; der gut verarbeitete Kopf- und Reitstock, das gro\u00dfe Durchgangsloch und der 4-Wege-Werkzeughalter tragen ebenfalls dazu bei, dass Sie Ihre Arbeit pr\u00e4zise kontrollieren k\u00f6nnen<\/li>\n<li>Stabil und sicher: Die Ganzmetallkonstruktion gew\u00e4hrleistet eine lange Lebensdauer dieser Maschine. der transparente Spannfutterschutz sch\u00fctzt Sie vor Sp\u00e4nen und Werkzeugbr\u00fcchen und bietet gleichzeitig klare Sicht w\u00e4hrend des Gebrauchs<\/li>\n<li>Komplettes Paket: Diese Mini-Drehmaschine von CREWORKS wird mit dem notwendigen Zubeh\u00f6r geliefert, darunter Schneidwerkzeuge, Spannbacken, ein Spannfutterschl\u00fcssel, Maulschl\u00fcssel, Inbusschl\u00fcssel, Zahnr\u00e4der und eine \u00d6lkanne f\u00fcr pr\u00e4zises Drehen, Bohren, Gewindeschneiden und Schneiden<\/li>\n<\/ul>\n<p><strong>Product Information<\/strong><\/p>\n<ul>\n<table style=\"margin-bottom:20px\">\n<tbody>\n<tr>\n<td><strong>Stromquelle<\/strong><\/td>\n<td>Kabelgebunden<\/td>\n<\/tr>\n<tr>\n<td><strong>Stromverbrauch<\/strong><\/td>\n<td>550 Watt<\/td>\n<\/tr>\n<tr>\n<td><strong>Max. Drehzahl<\/strong><\/td>\n<td>2500 Umdrehungen pro Minute<\/td>\n<\/tr>\n<tr>\n<td><strong>Artikel Abmessungen L x B x H<\/strong><\/td>\n<td>76,5L x 29H cm<\/td>\n<\/tr>\n<tr>\n<td><strong>Ma\u00dfeinheit f\u00fcr Produktgewicht<\/strong><\/td>\n<td>39 Kilogramm<\/td>\n<\/tr>\n<tr>\n<td><strong>Stil<\/strong><\/td>\n<td>7 x 14 Zoll 550W<\/td>\n<\/tr>\n<tr>\n<td><strong>Farbe<\/strong><\/td>\n<td>Grau<\/td>\n<\/tr>\n<tr>\n<td><strong>Material<\/strong><\/td>\n<td>Acrylnitril-Butadien-Styrol, Aluminium<\/td>\n<\/tr>\n<tr>\n<td><strong>Marke<\/strong><\/td>\n<td>CREWORKS<\/td>\n<\/tr>\n<tr>\n<td><strong>Modellnummer<\/strong><\/td>\n<td>MLM-SX14<\/td>\n<\/tr>\n<tr>\n<td><strong>Hersteller<\/strong><\/td>\n<td>CREWORKS<\/td>\n<\/tr>\n<tr>\n<td><strong>Artikeltypbezeichnung<\/strong><\/td>\n<td>Metalldrehmaschine<\/td>\n<\/tr>\n<tr>\n<td><strong>Enthaltene Komponenten<\/strong><\/td>\n<td>1 x Zubeh\u00f6rset, \u200e1 x Metalldrehmaschine<\/td>\n<\/tr>\n<tr>\n<td><strong>Herkunftsland<\/strong><\/td>\n<td>China<\/td>\n<\/tr>\n<tr>\n<td><strong>Amazon Bestseller-Rang<\/strong><\/td>\n<td><\/td>\n<\/tr>\n<tr>\n<td><strong>ASIN<\/strong><\/td>\n<td>B0D5YCY1T2<\/td>\n<\/tr>\n<tr>\n<td><strong>Durchschnittliche Kundenbewertung<\/strong><\/td>\n<td><\/td>\n<\/tr>\n<\/tbody>\n<\/table>\n<\/ul>","protected":false},"excerpt":{"rendered":"<p>Product Overview Marke: CREWORKS Material: Acrylnitril-Butadien-Styrol, Aluminium Produktabmessungen: 76,5L x 29H cm Stil: 7 x 14 Zoll 550W Stromquelle: Kabelgebunden<\/p>","protected":false},"featured_media":31812,"comment_status":"open","ping_status":"closed","template":"","meta":[],"product_brand":[],"product_cat":[150,151,152],"product_tag":[],"class_list":{"0":"post-31734","1":"product","2":"type-product","3":"status-publish","4":"has-post-thumbnail","6":"product_cat-collection-1","7":"product_cat-collection-2","8":"product_cat-startseite","10":"first","11":"instock","12":"sale","13":"shipping-taxable","14":"purchasable","15":"product-type-variable"},"jetpack_sharing_enabled":true,"_links":{"self":[{"href":"https:\/\/witoys.shop\/en\/wp-json\/wp\/v2\/product\/31734","targetHints":{"allow":["GET"]}}],"collection":[{"href":"https:\/\/witoys.shop\/en\/wp-json\/wp\/v2\/product"}],"about":[{"href":"https:\/\/witoys.shop\/en\/wp-json\/wp\/v2\/types\/product"}],"replies":[{"embeddable":true,"href":"https:\/\/witoys.shop\/en\/wp-json\/wp\/v2\/comments?post=31734"}],"version-history":[{"count":0,"href":"https:\/\/witoys.shop\/en\/wp-json\/wp\/v2\/product\/31734\/revisions"}],"wp:featuredmedia":[{"embeddable":true,"href":"https:\/\/witoys.shop\/en\/wp-json\/wp\/v2\/media\/31812"}],"wp:attachment":[{"href":"https:\/\/witoys.shop\/en\/wp-json\/wp\/v2\/media?parent=31734"}],"wp:term":[{"taxonomy":"product_brand","embeddable":true,"href":"https:\/\/witoys.shop\/en\/wp-json\/wp\/v2\/product_brand?post=31734"},{"taxonomy":"product_cat","embeddable":true,"href":"https:\/\/witoys.shop\/en\/wp-json\/wp\/v2\/product_cat?post=31734"},{"taxonomy":"product_tag","embeddable":true,"href":"https:\/\/witoys.shop\/en\/wp-json\/wp\/v2\/product_tag?post=31734"}],"curies":[{"name":"wp","href":"https:\/\/api.w.org\/{rel}","templated":true}]}}