{"id":31730,"date":"2026-04-01T12:02:41","date_gmt":"2026-04-01T12:02:41","guid":{"rendered":"https:\/\/witoys.shop\/product\/creworks-elektrische-kabelabisoliermaschine-550w-1-5-40-mm-kabelschalmaschine-automatisch-11-locher-10-klingen-abisoliermaschine-fur-kupfer-recycling-profi-abisolierer-wire-stripping-machine\/"},"modified":"2026-04-01T12:12:04","modified_gmt":"2026-04-01T12:12:04","slug":"creworks-elektrische-kabelabisoliermaschine-550w-1-5-40-mm-kabelschalmaschine-automatisch-11-locher-10-klingen-abisoliermaschine-fur-kupfer-recycling-profi-abisolierer-wire-stripping-machine","status":"publish","type":"product","link":"https:\/\/witoys.shop\/en\/product\/creworks-elektrische-kabelabisoliermaschine-550w-1-5-40-mm-kabelschalmaschine-automatisch-11-locher-10-klingen-abisoliermaschine-fur-kupfer-recycling-profi-abisolierer-wire-stripping-machine\/","title":{"rendered":"CREWORKS Kabelabisoliermaschine 550W, 1,5\u201340mm, 11 L\u00f6cher, 10 Klingen, automatisch, f\u00fcr Kupfer Recycling"},"content":{"rendered":"<div id=\"productDescription\" class=\"a-section a-spacing-small\">       <!-- show up to 2 reviews by default --><\/p>\n<p>    <span>CREWORKS Elektrische Kabelabisoliermaschine 550W (1,5-40mm) &#8211; Kabelsch\u00e4lmaschine mit 11 L\u00f6chern &#038; 10 Klingen, Wire Stripping Machine<\/span>    <\/p>\n<\/p><\/div>\n<p><strong>Product Overview<\/strong><\/p>\n<ul>\n<li>\n<strong>Marke:<\/strong> CREWORKS<\/li>\n<li>\n<strong>Material:<\/strong> Legierter Stahl<\/li>\n<li>\n<strong>Farbe:<\/strong> Silber + Blau<\/li>\n<li>\n<strong>Griffmaterial:<\/strong> Kunststoff oder Gummi<\/li>\n<li>\n<strong>Grifftyp:<\/strong> Ergonomisch<\/li>\n<\/ul>\n<p><strong>Product Features<\/strong><\/p>\n<ul>\n<li>Effizientes Kabelsch\u00e4len: Die CREWORKS Elektro-Kabelsch\u00e4lmaschine entfernt Isolierung von Altkabeln mit bis zu 30 m\/min. Ein leistungsstarker 550-W-Motor treibt die robuste Stahlklinge an.<\/li>\n<li>Universeller Einsatz: 11 separate Zuf\u00fchrungsl\u00f6cher erlauben das sichere Sch\u00e4len von Dr\u00e4hten mit 1,5 mm bis 40 mm Durchmesser. G\u00e4ngige Kabelgr\u00f6\u00dfen werden m\u00fchelos gemeistert.<\/li>\n<li>Sichere und Pr\u00e4zise Bedienung: Die Klingenh\u00f6he l\u00e4sst sich individuell \u00fcber den Einstellknopf anpassen. Nach Bet\u00e4tigung des Netzschalters wird das Kabel durch das passende Loch gef\u00fchrt. Ein Not-Aus-Schalter erh\u00f6ht die Sicherheit.<\/li>\n<li>Langlebige Pr\u00e4zision: Die legierte Stahlklinge beh\u00e4lt ihre Sch\u00e4rfe f\u00fcr saubere Schnittergebnisse bei jedem Einsatz. Der verst\u00e4rkte Aluminiumrahmen garantiert Robustheit und lange Lebensdauer.<\/li>\n<li>Handlich und Benutzerfreundlich: Die Maschine ist dank ihrer Handkurbeln und einfachen Bedienung tragbar und komfortabel zu nutzen.<\/li>\n<\/ul>\n<p><strong>Product Information<\/strong><\/p>\n<ul>\n<table style=\"margin-bottom:20px\">\n<tbody>\n<tr>\n<td><strong>Marke<\/strong><\/td>\n<td>CREWORKS<\/td>\n<\/tr>\n<tr>\n<td><strong>Modellnummer<\/strong><\/td>\n<td>WSMN040<\/td>\n<\/tr>\n<tr>\n<td><strong>Hersteller<\/strong><\/td>\n<td>CREWORKS<\/td>\n<\/tr>\n<tr>\n<td><strong>Artikelnummer\/Seriennummer<\/strong><\/td>\n<td>WSMN040<\/td>\n<\/tr>\n<tr>\n<td><strong>Herkunftsland<\/strong><\/td>\n<td>China<\/td>\n<\/tr>\n<tr>\n<td><strong>Verwendung<\/strong><\/td>\n<td>Elektrische Reparatur- und Wartungsarbeiten, Elektroinstallation, Elektronikbau<\/td>\n<\/tr>\n<tr>\n<td><strong>Amazon Bestseller-Rang<\/strong><\/td>\n<td><\/td>\n<\/tr>\n<tr>\n<td><strong>ASIN<\/strong><\/td>\n<td>B0FWB1GS8L<\/td>\n<\/tr>\n<tr>\n<td><strong>Durchschnittliche Kundenbewertung<\/strong><\/td>\n<td><\/td>\n<\/tr>\n<tr>\n<td><strong>Schnittbreite<\/strong><\/td>\n<td>40 Millimeter<\/td>\n<\/tr>\n<tr>\n<td><strong>Material<\/strong><\/td>\n<td>Legierter Stahl<\/td>\n<\/tr>\n<tr>\n<td><strong>Material des Griffs<\/strong><\/td>\n<td>Kunststoff oder Gummi<\/td>\n<\/tr>\n<tr>\n<td><strong>Farbe<\/strong><\/td>\n<td>Silber + Blau<\/td>\n<\/tr>\n<tr>\n<td><strong>Grifftyp<\/strong><\/td>\n<td>Ergonomisch<\/td>\n<\/tr>\n<\/tbody>\n<\/table>\n<\/ul>","protected":false},"excerpt":{"rendered":"<p>CREWORKS Elektrische Kabelabisoliermaschine 550W (1,5-40mm) &#8211; Kabelsch\u00e4lmaschine mit 11 L\u00f6chern &#038; 10 Klingen, Wire Stripping Machine Product Overview Marke: CREWORKS<\/p>","protected":false},"featured_media":31798,"comment_status":"open","ping_status":"closed","template":"","meta":[],"product_brand":[],"product_cat":[150,151,152],"product_tag":[],"class_list":{"0":"post-31730","1":"product","2":"type-product","3":"status-publish","4":"has-post-thumbnail","6":"product_cat-collection-1","7":"product_cat-collection-2","8":"product_cat-startseite","10":"first","11":"instock","12":"sale","13":"shipping-taxable","14":"purchasable","15":"product-type-variable"},"jetpack_sharing_enabled":true,"_links":{"self":[{"href":"https:\/\/witoys.shop\/en\/wp-json\/wp\/v2\/product\/31730","targetHints":{"allow":["GET"]}}],"collection":[{"href":"https:\/\/witoys.shop\/en\/wp-json\/wp\/v2\/product"}],"about":[{"href":"https:\/\/witoys.shop\/en\/wp-json\/wp\/v2\/types\/product"}],"replies":[{"embeddable":true,"href":"https:\/\/witoys.shop\/en\/wp-json\/wp\/v2\/comments?post=31730"}],"version-history":[{"count":0,"href":"https:\/\/witoys.shop\/en\/wp-json\/wp\/v2\/product\/31730\/revisions"}],"wp:featuredmedia":[{"embeddable":true,"href":"https:\/\/witoys.shop\/en\/wp-json\/wp\/v2\/media\/31798"}],"wp:attachment":[{"href":"https:\/\/witoys.shop\/en\/wp-json\/wp\/v2\/media?parent=31730"}],"wp:term":[{"taxonomy":"product_brand","embeddable":true,"href":"https:\/\/witoys.shop\/en\/wp-json\/wp\/v2\/product_brand?post=31730"},{"taxonomy":"product_cat","embeddable":true,"href":"https:\/\/witoys.shop\/en\/wp-json\/wp\/v2\/product_cat?post=31730"},{"taxonomy":"product_tag","embeddable":true,"href":"https:\/\/witoys.shop\/en\/wp-json\/wp\/v2\/product_tag?post=31730"}],"curies":[{"name":"wp","href":"https:\/\/api.w.org\/{rel}","templated":true}]}}