{"id":31715,"date":"2026-04-01T12:02:40","date_gmt":"2026-04-01T12:02:40","guid":{"rendered":"https:\/\/witoys.shop\/product\/creworks-hitzepresse-transferpresse-1250w-heat-press-heisspresse-360-grad-schwenkbar-diy-mulitifunktional-sublimation-warmepresse-38x30cm-8-in-1\/"},"modified":"2026-04-01T12:12:05","modified_gmt":"2026-04-01T12:12:05","slug":"creworks-hitzepresse-transferpresse-1250w-heat-press-heisspresse-360-grad-schwenkbar-diy-mulitifunktional-sublimation-warmepresse-38x30cm-8-in-1","status":"publish","type":"product","link":"https:\/\/witoys.shop\/en\/product\/creworks-hitzepresse-transferpresse-1250w-heat-press-heisspresse-360-grad-schwenkbar-diy-mulitifunktional-sublimation-warmepresse-38x30cm-8-in-1\/","title":{"rendered":"CREWORKS Hitzepresse 8-in-1, 1.250W, 38x30cm, 360\u00b0 Schwenkbar, Sublimation, DIY Transferpresse"},"content":{"rendered":"<p><strong>Product Overview<\/strong><\/p>\n<ul>\n<li>\n<strong>Marke:<\/strong> CREWORKS<\/li>\n<li>\n<strong>Material:<\/strong> Teflon<\/li>\n<li>\n<strong>Farbe:<\/strong> 38x30cm 8 in 1<\/li>\n<li>\n<strong>Produktabmessungen:<\/strong> 38B x 43H cm<\/li>\n<li>\n<strong>Artikelgewicht:<\/strong> 15 Kilogramm<\/li>\n<\/ul>\n<p><strong>Product Features<\/strong><\/p>\n<ul>\n<li>STARKE LEISTUNG: Diese 1250-W-Presse kann bis zu 259 \u00b0 C erreichen. Zeiteinstellungen bis zu 999 Sekunden. Eine volle 360-Grad-Drehung des Heizkissens f\u00fcr mehr Komfort.<\/li>\n<li>LED LICHT: Die 8-in-1 Hei\u00dfpresse kann auf einfache Weise farbenfrohe Bilder und Zeichen auf nahezu jedes Material Ihrer Wahl \u00fcbertragen, das f\u00fcr eines von f\u00fcnf Modellen geeignet ist. Bereiten Sie Ihr Produkt und Design vor, erw\u00e4rmen Sie die 30 x 38 cm gro\u00dfe teflonbeschichtete Platte, dr\u00fccken Sie sie nach unten und verwenden Sie die doppelten durchsichtigen LED-Anzeigen, um zu wissen, wann Sie sie anheben und bewegen m\u00fcssen.<\/li>\n<li>SCHNELLE INSTALLATION: Die Anweisungen f\u00fchren den Benutzer in wenigen Minuten zur Installation der Presse. Einfacher rutschfester Griff, klares Design und Teflonbeschichtung machen die Verwendung einfach und sicher.<\/li>\n<li>LANGLEBIG: Mit dem im Dreharm integrierten Einstellknopf k\u00f6nnen Sie eine Vielzahl unterschiedlicher Materialien und St\u00e4rken verwalten. Die langlebige Konstruktion bietet auch eine erh\u00f6hte Haltbarkeit.<\/li>\n<li>UNIVERSALE ANWENDUNG: Diese Hei\u00dfpresse ist nicht nur eine Hemddruckmaschine, sondern auch f\u00fcr den pers\u00f6nlichen, wohlt\u00e4tigen oder kommerziellen Gebrauch geeignet. Es kann Ihre Designs zu Telefonh\u00fcllen, Mauspads, Geldb\u00f6rsen, Kissenbez\u00fcgen, Keramikartikeln wie Fliesen und Untersetzern und vielem mehr hinzuf\u00fcgen.<\/li>\n<\/ul>\n<p><strong>Product Information<\/strong><\/p>\n<ul>\n<table style=\"margin-bottom:20px\">\n<tbody>\n<tr>\n<td><strong>Marke<\/strong><\/td>\n<td>CREWORKS<\/td>\n<\/tr>\n<tr>\n<td><strong>Hersteller<\/strong><\/td>\n<td>CREWORKS<\/td>\n<\/tr>\n<tr>\n<td><strong>Enthaltene Komponenten<\/strong><\/td>\n<td>Automatische Hei\u00dftransferpresse \u00d7 1<\/td>\n<\/tr>\n<tr>\n<td><strong>Herkunftsland<\/strong><\/td>\n<td>China<\/td>\n<\/tr>\n<tr>\n<td><strong>Anzahl von Einheiten<\/strong><\/td>\n<td>1.0 Anzahl<\/td>\n<\/tr>\n<tr>\n<td><strong>Amazon Bestseller-Rang<\/strong><\/td>\n<td><\/td>\n<\/tr>\n<tr>\n<td><strong>ASIN<\/strong><\/td>\n<td>B09SKTD5XS<\/td>\n<\/tr>\n<tr>\n<td><strong>Durchschnittliche Kundenbewertung<\/strong><\/td>\n<td><\/td>\n<\/tr>\n<tr>\n<td><strong>Artikel Abmessungen L x B x H<\/strong><\/td>\n<td>38B x 43H cm<\/td>\n<\/tr>\n<tr>\n<td><strong>Artikelgewicht<\/strong><\/td>\n<td>15 Kilogramm<\/td>\n<\/tr>\n<tr>\n<td><strong>Obere Temperaturbereich<\/strong><\/td>\n<td>259 Grad Celsius<\/td>\n<\/tr>\n<tr>\n<td><strong>Wattzahl<\/strong><\/td>\n<td>1250 Watt<\/td>\n<\/tr>\n<tr>\n<td><strong>Material<\/strong><\/td>\n<td>Teflon<\/td>\n<\/tr>\n<tr>\n<td><strong>Farbe<\/strong><\/td>\n<td>38x30cm 8 in 1<\/td>\n<\/tr>\n<tr>\n<td><strong>Empfohlene Verw.bereiche f\u00fcr Produkt<\/strong><\/td>\n<td>T-Shirt Druck, Kappen Bedrucken, Keramik Platten Bedrucken, Keramik Fliesen Bedrucken, Tassen Bedrucken, Untersetzer Bedrucken, Mauspads Bedrucken, Puzzle Bedrucken, und Schriftzug Bedrucken<\/td>\n<\/tr>\n<\/tbody>\n<\/table>\n<\/ul>","protected":false},"excerpt":{"rendered":"<p>Product Overview Marke: CREWORKS Material: Teflon Farbe: 38x30cm 8 in 1 Produktabmessungen: 38B x 43H cm Artikelgewicht: 15 Kilogramm Product<\/p>","protected":false},"featured_media":31775,"comment_status":"open","ping_status":"closed","template":"","meta":[],"product_brand":[],"product_cat":[150,151,152],"product_tag":[],"class_list":{"0":"post-31715","1":"product","2":"type-product","3":"status-publish","4":"has-post-thumbnail","6":"product_cat-collection-1","7":"product_cat-collection-2","8":"product_cat-startseite","10":"first","11":"instock","12":"sale","13":"shipping-taxable","14":"purchasable","15":"product-type-variable"},"jetpack_sharing_enabled":true,"_links":{"self":[{"href":"https:\/\/witoys.shop\/en\/wp-json\/wp\/v2\/product\/31715","targetHints":{"allow":["GET"]}}],"collection":[{"href":"https:\/\/witoys.shop\/en\/wp-json\/wp\/v2\/product"}],"about":[{"href":"https:\/\/witoys.shop\/en\/wp-json\/wp\/v2\/types\/product"}],"replies":[{"embeddable":true,"href":"https:\/\/witoys.shop\/en\/wp-json\/wp\/v2\/comments?post=31715"}],"version-history":[{"count":0,"href":"https:\/\/witoys.shop\/en\/wp-json\/wp\/v2\/product\/31715\/revisions"}],"wp:featuredmedia":[{"embeddable":true,"href":"https:\/\/witoys.shop\/en\/wp-json\/wp\/v2\/media\/31775"}],"wp:attachment":[{"href":"https:\/\/witoys.shop\/en\/wp-json\/wp\/v2\/media?parent=31715"}],"wp:term":[{"taxonomy":"product_brand","embeddable":true,"href":"https:\/\/witoys.shop\/en\/wp-json\/wp\/v2\/product_brand?post=31715"},{"taxonomy":"product_cat","embeddable":true,"href":"https:\/\/witoys.shop\/en\/wp-json\/wp\/v2\/product_cat?post=31715"},{"taxonomy":"product_tag","embeddable":true,"href":"https:\/\/witoys.shop\/en\/wp-json\/wp\/v2\/product_tag?post=31715"}],"curies":[{"name":"wp","href":"https:\/\/api.w.org\/{rel}","templated":true}]}}