{"id":31705,"date":"2026-04-01T12:02:39","date_gmt":"2026-04-01T12:02:39","guid":{"rendered":"https:\/\/witoys.shop\/product\/creworks-transferpresse-11-in-1-hitzepresse-38x30cm-hitzepressemaschine-multifunktionale-heisspressmaschine-warmepresse-fur-t-shirts-schuhen-tassen-huten-stiften-baseballs-tellern\/"},"modified":"2026-04-01T12:12:06","modified_gmt":"2026-04-01T12:12:06","slug":"creworks-transferpresse-11-in-1-hitzepresse-38x30cm-hitzepressemaschine-multifunktionale-heisspressmaschine-warmepresse-fur-t-shirts-schuhen-tassen-huten-stiften-baseballs-tellern","status":"publish","type":"product","link":"https:\/\/witoys.shop\/en\/product\/creworks-transferpresse-11-in-1-hitzepresse-38x30cm-hitzepressemaschine-multifunktionale-heisspressmaschine-warmepresse-fur-t-shirts-schuhen-tassen-huten-stiften-baseballs-tellern\/","title":{"rendered":"CREWORKS Hitzepresse 11-in-1, 38x30cm, f\u00fcr T-Shirts, Schuhe, Tassen, H\u00fcte &#038; Teller, Sublimation Transferpresse"},"content":{"rendered":"<p><strong>Product Overview<\/strong><\/p>\n<ul>\n<li>\n<strong>Marke:<\/strong> CREWORKS<\/li>\n<li>\n<strong>Material:<\/strong> Aluminium<\/li>\n<li>\n<strong>Farbe:<\/strong> Gelb+schwarz<\/li>\n<li>\n<strong>Artikelgewicht:<\/strong> 18 Kilogramm<\/li>\n<li>\n<strong>Empfohlene Anwendungen f\u00fcr Produkt:<\/strong> <\/li>\n<\/ul>\n<p><strong>Product Features<\/strong><\/p>\n<ul>\n<li>Multifunktionale 11-in-1-Transferpresse: Bringen Sie Ihre personalisierten Designs mit dieser 11-in-1-Hei\u00dfpressmaschine von CREWORKS zum Leben. Die gro\u00dfz\u00fcgige Plattenfl\u00e4che von 38 x 30 cm, Tassenpressenaufs\u00e4tze von 265, 325, 355 und 500 ml (9, 11, 12 und 17 oz.), Plattenpressen von 12,7 und 15,2 cm (5 und 6 Zoll), Stiftpressenaufsatz, Ballhalterung, Schuhhalterung und Hut-\/Kappenpresse erm\u00f6glichen Ihnen das Bedrucken von T-Shirts, Schuhen, Tassen, H\u00fcten, Stiften, Baseballs und Tellern<\/li>\n<li>Intuitive Steuerung f\u00fcr herausragende Ergebnisse: Mit unserer benutzerfreundlichen Steuerbox k\u00f6nnen Sie die Zeiteinstellung auf bis zu 999 Sekunden und die Temperatur auf bis zu 259 \u00b0C anpassen. Dadurch erzielen Sie makellose \u00dcbertragungen auf die g\u00e4ngigsten Materialien wie Chemiefasern, Keramik, Baumwolle und mehr<\/li>\n<li>Gleichm\u00e4\u00dfige und makellose \u00dcbertragungen: Unsere W\u00e4rme\u00fcbertragungsmaschine verf\u00fcgt \u00fcber eine verdickte Aluminiumplatte, die optimale W\u00e4rmestabilit\u00e4t bietet und eine pr\u00e4zise, gleichm\u00e4\u00dfige \u00dcbertragung Ihrer Designs auf verschiedene Oberfl\u00e4chen gew\u00e4hrleistet<\/li>\n<li>360\u00b0-Design f\u00fcr schnellere Stapelvorg\u00e4nge: Diese T-Shirt-Druckmaschine verf\u00fcgt \u00fcber eine schwenkbare Heizplatte, die sich um volle 360 Grad drehen l\u00e4sst. Dadurch k\u00f6nnen Sie Ihre Materialien einfach platzieren und entnehmen<\/li>\n<li>Schnelles Einrichten: Mit den praktischen Gleitschienen und dem einfachen Einstellknopf dieser Pressmaschine ist die Einrichtung ein Kinderspiel, sodass Sie Ihre Projekte m\u00fchelos positionieren k\u00f6nnen<\/li>\n<\/ul>\n<p><strong>Product Information<\/strong><\/p>\n<ul>\n<table style=\"margin-bottom:20px\">\n<tbody>\n<tr>\n<td><strong>Marke<\/strong><\/td>\n<td>CREWORKS<\/td>\n<\/tr>\n<tr>\n<td><strong>Hersteller<\/strong><\/td>\n<td>CREWORKS<\/td>\n<\/tr>\n<tr>\n<td><strong>Artikeltyp Name<\/strong><\/td>\n<td>Transferpresse<\/td>\n<\/tr>\n<tr>\n<td><strong>Enthaltene Komponenten<\/strong><\/td>\n<td>1 x Transferpresse, 1 x Zubeh\u00f6rset<\/td>\n<\/tr>\n<tr>\n<td><strong>Herkunftsland<\/strong><\/td>\n<td>China<\/td>\n<\/tr>\n<tr>\n<td><strong>Anzahl von Einheiten<\/strong><\/td>\n<td>1.0 st\u00fcck<\/td>\n<\/tr>\n<tr>\n<td><strong>Amazon Bestseller-Rang<\/strong><\/td>\n<td><\/td>\n<\/tr>\n<tr>\n<td><strong>ASIN<\/strong><\/td>\n<td>B0D2H9PB5N<\/td>\n<\/tr>\n<tr>\n<td><strong>Durchschnittliche Kundenbewertung<\/strong><\/td>\n<td><\/td>\n<\/tr>\n<tr>\n<td><strong>Artikelgewicht<\/strong><\/td>\n<td>18 Kilogramm<\/td>\n<\/tr>\n<tr>\n<td><strong>Obere Temperaturbereich<\/strong><\/td>\n<td>259 Grad Celsius<\/td>\n<\/tr>\n<tr>\n<td><strong>Wattzahl<\/strong><\/td>\n<td>1250 Watt<\/td>\n<\/tr>\n<tr>\n<td><strong>Material<\/strong><\/td>\n<td>Aluminium<\/td>\n<\/tr>\n<tr>\n<td><strong>Farbe<\/strong><\/td>\n<td>Gelb+schwarz<\/td>\n<\/tr>\n<tr>\n<td><strong>Empfohlene Verw.bereiche f\u00fcr Produkt<\/strong><\/td>\n<td>Die CREWORKS Heat Press eignet sich zur Erstellung von personalisierten Designs auf verschiedenen Artikeln wie T-Shirts, Schuhen, Tassen, H\u00fcten, Stiften, Baseballs und Tellern. Daher sind einige m\u00f6gliche Anwendungen die Erstellung von individualisierter Kleidung, personalisierten Geschenken oder einzigartigen Heimdekorationen.<\/td>\n<\/tr>\n<\/tbody>\n<\/table>\n<\/ul>","protected":false},"excerpt":{"rendered":"<p>Product Overview Marke: CREWORKS Material: Aluminium Farbe: Gelb+schwarz Artikelgewicht: 18 Kilogramm Empfohlene Anwendungen f\u00fcr Produkt: Product Features Multifunktionale 11-in-1-Transferpresse: Bringen<\/p>","protected":false},"featured_media":31713,"comment_status":"open","ping_status":"closed","template":"","meta":[],"product_brand":[],"product_cat":[150,151,152],"product_tag":[],"class_list":{"0":"post-31705","1":"product","2":"type-product","3":"status-publish","4":"has-post-thumbnail","6":"product_cat-collection-1","7":"product_cat-collection-2","8":"product_cat-startseite","10":"first","11":"instock","12":"sale","13":"shipping-taxable","14":"purchasable","15":"product-type-variable"},"jetpack_sharing_enabled":true,"_links":{"self":[{"href":"https:\/\/witoys.shop\/en\/wp-json\/wp\/v2\/product\/31705","targetHints":{"allow":["GET"]}}],"collection":[{"href":"https:\/\/witoys.shop\/en\/wp-json\/wp\/v2\/product"}],"about":[{"href":"https:\/\/witoys.shop\/en\/wp-json\/wp\/v2\/types\/product"}],"replies":[{"embeddable":true,"href":"https:\/\/witoys.shop\/en\/wp-json\/wp\/v2\/comments?post=31705"}],"version-history":[{"count":0,"href":"https:\/\/witoys.shop\/en\/wp-json\/wp\/v2\/product\/31705\/revisions"}],"wp:featuredmedia":[{"embeddable":true,"href":"https:\/\/witoys.shop\/en\/wp-json\/wp\/v2\/media\/31713"}],"wp:attachment":[{"href":"https:\/\/witoys.shop\/en\/wp-json\/wp\/v2\/media?parent=31705"}],"wp:term":[{"taxonomy":"product_brand","embeddable":true,"href":"https:\/\/witoys.shop\/en\/wp-json\/wp\/v2\/product_brand?post=31705"},{"taxonomy":"product_cat","embeddable":true,"href":"https:\/\/witoys.shop\/en\/wp-json\/wp\/v2\/product_cat?post=31705"},{"taxonomy":"product_tag","embeddable":true,"href":"https:\/\/witoys.shop\/en\/wp-json\/wp\/v2\/product_tag?post=31705"}],"curies":[{"name":"wp","href":"https:\/\/api.w.org\/{rel}","templated":true}]}}